{"id":204,"date":"2018-12-09T16:51:44","date_gmt":"2018-12-09T16:51:44","guid":{"rendered":"https:\/\/www.krew.pro\/sus-datos-seguros\/?lang=en"},"modified":"2018-12-09T16:51:44","modified_gmt":"2018-12-09T16:51:44","slug":"sus-datos-seguros","status":"publish","type":"page","link":"https:\/\/www.krew.pro\/en\/sus-datos-seguros\/","title":{"rendered":"Sus datos seguros"},"content":{"rendered":"<h4>Informaci\u00f3n en cumplimiento de la normativa de protecci\u00f3n de datos personales<\/h4>\n<p>En Europa y en Espa\u00f1a existen normas de protecci\u00f3n de datos pensadas para proteger su informaci\u00f3n personal de obligado cumplimiento para nuestra entidad.<\/p>\n<p>Por ello, es muy importante para nosotros que entienda perfectamente qu\u00e9 vamos a hacer con los datos personales que le pedimos.<\/p>\n<p>As\u00ed, seremos transparentes y le daremos el control de sus datos, con un lenguaje sencillo y opciones claras que le permitir\u00e1n decidir qu\u00e9 haremos con su informaci\u00f3n personal.<br \/>\nPor favor, si una vez le\u00edda la presente informaci\u00f3n le queda alguna duda, no dude en preguntarnos.<br \/>\nMuchas gracias por su colaboraci\u00f3n.<\/p>\n<p><strong>    \u2022 \u00bfQui\u00e9nes somos?<\/strong><\/p>\n<p>    \u2022 Nuestra denominaci\u00f3n: KREW<\/p>\n<p>    \u2022 Nuestra actividad principal: Edici\u00f3n, educaci\u00f3n e investigaci\u00f3n<\/p>\n<p>    \u2022 Nuestro tel\u00e9fono de contacto: 651121710<\/p>\n<p>    \u2022 Nuestra direcci\u00f3n de correo electr\u00f3nico de contacto: <a href=\"mailto:info@krew.pro\" target=\"_blank\">info@krew.pro<\/a><\/p>\n<p>    \u2022 Nuestra p\u00e1gina web: <a href=\"https:\/\/www.krew.pro\" target=\"_blank\">www.krew.pro<\/a><\/p>\n<p>    \u2022 Para su confianza y seguridad, le informamos que somos una entidad inscrita en el siguiente Registro Mercantil \/Registro P\u00fablico:<\/p>\n<p>Estamos a su disposici\u00f3n, no dude en contactar con nosotros.<\/p>\n<p><strong>    \u2022 \u00bfPara qu\u00e9 vamos a usar sus datos?<\/strong><\/p>\n<p>Con car\u00e1cter general, sus datos personales ser\u00e1n usados para poder relacionarnos con usted y poder prestarle nuestros servicios.<br \/>\nAsimismo, tambi\u00e9n pueden ser usados para otras actividades, como enviarle publicidad o promocionar nuestras actividades.  <\/p>\n<p><strong>    \u2022 \u00bfPor qu\u00e9 necesitamos usar sus datos?<\/strong><\/p>\n<p>Sus datos personales son necesarios para poder relacionarnos con usted y poder prestarle nuestros servicios. En este sentido, pondremos a su disposici\u00f3n una serie de casillas que le permitir\u00e1n decidir de manera clara y sencilla sobre el uso de su informaci\u00f3n personal.  <\/p>\n<p><strong>    \u2022 \u00bfQui\u00e9n va a conocer la informaci\u00f3n que le pedimos?<\/strong><\/p>\n<p>Con car\u00e1cter general, s\u00f3lo el personal de nuestra entidad que est\u00e9 debidamente autorizado podr\u00e1 tener conocimiento de la informaci\u00f3n que le pedimos.<br \/>\nDe igual modo, podr\u00e1n tener conocimiento de su informaci\u00f3n personal aquellas entidades que necesiten tener acceso a la misma para que podamos prestarle nuestros servicios. As\u00ed por ejemplo, nuestro banco conocer\u00e1 sus datos si el pago de nuestros servicios se realiza mediante tarjeta o transferencia bancaria.<br \/>\nAsimismo, tendr\u00e1n conocimiento de su informaci\u00f3n aquellas entidades p\u00fablicas o privadas a las cuales estemos obligados a facilitar sus datos personales con motivo del cumplimiento de alguna ley. Poni\u00e9ndole un ejemplo, la Ley Tributaria obliga a facilitar a la Agencia Tributaria determinada informaci\u00f3n sobre operaciones econ\u00f3micas que superen una determinada cantidad.<br \/>\nEn el caso de que, al margen de los supuestos comentados, necesitemos dar a conocer  su informaci\u00f3n personal a otras entidades, le solicitaremos previamente su permiso a trav\u00e9s de opciones claras que le permitir\u00e1n decidir a este respecto.<\/p>\n<p><strong>    \u2022 \u00bfC\u00f3mo vamos a proteger sus datos?<\/strong><\/p>\n<p>Protegeremos sus datos con medidas de seguridad eficaces en funci\u00f3n de los riesgos que conlleve el uso de su informaci\u00f3n.<br \/>\nPara ello, nuestra entidad ha aprobado una Pol\u00edtica de Protecci\u00f3n de Datos y se realizan controles y auditor\u00edas anuales para verificar que sus datos personales est\u00e1n seguros en todo momento.<\/p>\n<p><strong>    \u2022 \u00bfEnviaremos sus datos a otros pa\u00edses?<\/strong><\/p>\n<p>En el mundo hay pa\u00edses que son seguros para sus datos y otros que no lo son tanto. As\u00ed por ejemplo, la Uni\u00f3n Europea es un entorno seguro para sus datos. Nuestra pol\u00edtica es no enviar su informaci\u00f3n personal a ning\u00fan pa\u00eds que no sea seguro desde el punto de vista de la protecci\u00f3n de sus datos.<br \/>\nEn el caso de que, con motivo de prestarle el servicio, sea imprescindible enviar sus datos a un pa\u00eds que no sea tan seguro como Espa\u00f1a, siempre le solicitaremos previamente su permiso y aplicaremos medidas de seguridad eficaces que reduzcan los riesgos del env\u00edo de su informaci\u00f3n personal a otro pa\u00eds. <\/p>\n<p><strong>    \u2022 \u00bfDurante cu\u00e1nto tiempo vamos a conservar sus datos?<\/strong><\/p>\n<p>Conservaremos sus datos durante nuestra relaci\u00f3n y mientras nos obliguen las leyes. Una vez finalizados los plazos legales aplicables, procederemos a eliminarlos de forma segura y respetuosa con el medio ambiente. <\/p>\n<p><strong>    \u2022 \u00bfCu\u00e1les son sus derechos de protecci\u00f3n de datos?<\/strong><\/p>\n<p>En cualquier momento puede dirigirse a nosotros para saber qu\u00e9 informaci\u00f3n tenemos sobre usted, rectificarla si fuese incorrecta y eliminarla una vez finalizada nuestra relaci\u00f3n, en el caso de que ello sea legalmente posible.<br \/>\nTambi\u00e9n tiene derecho a solicitar el traspaso de su informaci\u00f3n a otra entidad. Este derecho se llama \u201cportabilidad\u201d y puede ser \u00fatil en determinadas situaciones.<br \/>\nPara solicitar alguno de estos derechos, deber\u00e1 realizar una solicitud escrita a nuestra direcci\u00f3n, junto con una fotocopia de su DNI, para poder identificarle.<br \/>\nEn las oficinas de nuestra entidad disponemos de formularios espec\u00edficos para solicitar dichos derechos y le ofrecemos nuestra ayuda para su cumplimentaci\u00f3n.<br \/>\nPara saber m\u00e1s sobre sus derechos de protecci\u00f3n de datos, puede consultar la  p\u00e1gina web de la Agencia Espa\u00f1ola de Protecci\u00f3n de Datos (<a href=\"https:\/\/www.agpd.es\" target=\"_blank\">www.agpd.es<\/a>).<\/p>\n<p><strong>    \u2022 \u00bfPuede retirar su consentimiento si cambia de opini\u00f3n en un momento posterior?<\/strong><\/p>\n<p>Usted puede retirar su consentimiento si cambia de opini\u00f3n sobre el uso de sus datos en cualquier momento.<br \/>\nAs\u00ed por ejemplo, si usted en su d\u00eda estuvo interesado\/a en recibir publicidad de nuestros productos o servicios, pero ya no desea recibir m\u00e1s publicidad, puede hac\u00e9rnoslo constar a trav\u00e9s del formulario de oposici\u00f3n al tratamiento disponible en las oficinas de nuestra entidad.<\/p>\n<p><strong>    \u2022 En caso de que entienda que sus derechos han sido desatendidos, \u00bfd\u00f3nde puede formular una reclamaci\u00f3n?<\/strong><\/p>\n<p>En caso de que entienda que sus derechos han sido desatendidos por nuestra entidad, puede formular una reclamaci\u00f3n en la Agencia Espa\u00f1ola de Protecci\u00f3n de Datos, a trav\u00e9s de alguno de los medios siguientes:<\/p>\n<p>    \u2022 Sede electr\u00f3nica: <a href=\"https:\/\/www.agpd.es\" target=\"_blank\">www.agpd.es<\/a><br \/>\n    \u2022 Direcci\u00f3n postal:<\/p>\n<p>Agencia Espa\u00f1ola de Protecci\u00f3n de Datos<br \/>\nC\/ Jorge Juan N\u00ba 6, 28001, Madrid <\/p>\n<p>    \u2022 V\u00eda telef\u00f3nica:<br \/>\nTelf. 901 100 099<br \/>\nTelf. 912 663 517<\/p>\n<p>Formular una reclamaci\u00f3n en la Agencia Espa\u00f1ola de Protecci\u00f3n de Datos no conlleva ning\u00fan coste y no es necesaria la asistencia de abogado ni procurador. <\/p>\n<p><strong>    \u2022 \u00bfElaboraremos perfiles sobre usted?<\/strong><\/p>\n<p>Nuestra pol\u00edtica es no elaborar perfiles sobre los usuarios de nuestros servicios.<br \/>\nNo obstante, pueden existir situaciones en las que, con fines de prestaci\u00f3n del servicio, comerciales o de otro tipo, necesitemos elaborar perfiles de informaci\u00f3n sobre usted. Un ejemplo pudiera ser la utilizaci\u00f3n de su historial de compras o servicios para poder ofrecerle productos o servicios adaptados a sus gustos o necesidades.<br \/>\nEn tal caso, aplicaremos medidas de seguridad eficaces que protejan su informaci\u00f3n en todo momento de personas no autorizadas que pretendan utilizarla en su propio beneficio. <\/p>\n<p><strong>    \u2022 \u00bfUsaremos sus datos para otros fines?<\/strong><\/p>\n<p>Nuestra pol\u00edtica es no usar sus datos para otras finalidades distintas a las que le hemos explicado. Si, no obstante, necesit\u00e1semos usar sus datos para actividades distintas, siempre le solicitaremos previamente su permiso a trav\u00e9s de opciones claras que le permitir\u00e1n decidir al respecto.<\/p>\n<p>&nbsp;<\/p>\n<p>&nbsp;<\/p>\n","protected":false},"excerpt":{"rendered":"<p>Informaci\u00f3n en cumplimiento de la normativa de protecci\u00f3n de datos personales En Europa y en Espa\u00f1a existen normas de protecci\u00f3n de datos pensadas para proteger su<span class=\"excerpt-hellip\"> [\u2026]<\/span><\/p>\n","protected":false},"author":1,"featured_media":0,"parent":0,"menu_order":0,"comment_status":"closed","ping_status":"closed","template":"","meta":{"jetpack_post_was_ever_published":false,"footnotes":""},"class_list":["post-204","page","type-page","status-publish","hentry"],"yoast_head":"<!-- This site is optimized with the Yoast SEO plugin v27.4 - https:\/\/yoast.com\/product\/yoast-seo-wordpress\/ -->\n<title>Sus datos seguros - K:REW - Knowledge: Research, Education\/Editing &amp; Writing<\/title>\n<meta name=\"robots\" content=\"index, follow, max-snippet:-1, max-image-preview:large, max-video-preview:-1\" \/>\n<link rel=\"canonical\" href=\"https:\/\/www.krew.pro\/en\/sus-datos-seguros\/\" \/>\n<meta property=\"og:locale\" content=\"en_US\" \/>\n<meta property=\"og:type\" content=\"article\" \/>\n<meta property=\"og:title\" content=\"Sus datos seguros - K:REW - Knowledge: Research, Education\/Editing &amp; Writing\" \/>\n<meta property=\"og:description\" content=\"Informaci\u00f3n en cumplimiento de la normativa de protecci\u00f3n de datos personales En Europa y en Espa\u00f1a existen normas de protecci\u00f3n de datos pensadas para proteger su [\u2026]\" \/>\n<meta property=\"og:url\" content=\"https:\/\/www.krew.pro\/en\/sus-datos-seguros\/\" \/>\n<meta property=\"og:site_name\" content=\"K:REW - Knowledge: Research, Education\/Editing &amp; Writing\" \/>\n<meta name=\"twitter:card\" content=\"summary_large_image\" \/>\n<meta name=\"twitter:label1\" content=\"Est. reading time\" \/>\n\t<meta name=\"twitter:data1\" content=\"6 minutes\" \/>\n<script type=\"application\/ld+json\" class=\"yoast-schema-graph\">{\"@context\":\"https:\\\/\\\/schema.org\",\"@graph\":[{\"@type\":\"WebPage\",\"@id\":\"https:\\\/\\\/www.krew.pro\\\/en\\\/sus-datos-seguros\\\/\",\"url\":\"https:\\\/\\\/www.krew.pro\\\/en\\\/sus-datos-seguros\\\/\",\"name\":\"Sus datos seguros - K:REW - Knowledge: Research, Education\\\/Editing &amp; Writing\",\"isPartOf\":{\"@id\":\"https:\\\/\\\/www.krew.pro\\\/#website\"},\"datePublished\":\"2018-12-09T16:51:44+00:00\",\"breadcrumb\":{\"@id\":\"https:\\\/\\\/www.krew.pro\\\/en\\\/sus-datos-seguros\\\/#breadcrumb\"},\"inLanguage\":\"en-US\",\"potentialAction\":[{\"@type\":\"ReadAction\",\"target\":[\"https:\\\/\\\/www.krew.pro\\\/en\\\/sus-datos-seguros\\\/\"]}]},{\"@type\":\"BreadcrumbList\",\"@id\":\"https:\\\/\\\/www.krew.pro\\\/en\\\/sus-datos-seguros\\\/#breadcrumb\",\"itemListElement\":[{\"@type\":\"ListItem\",\"position\":1,\"name\":\"Portada\",\"item\":\"https:\\\/\\\/www.krew.pro\\\/en\\\/\"},{\"@type\":\"ListItem\",\"position\":2,\"name\":\"Sus datos seguros\"}]},{\"@type\":\"WebSite\",\"@id\":\"https:\\\/\\\/www.krew.pro\\\/#website\",\"url\":\"https:\\\/\\\/www.krew.pro\\\/\",\"name\":\"K:REW - Knowledge: Research, Education\\\/Editing &amp; Writing\",\"description\":\"Knowledge: Research, Education\\\/Editing &amp; Writing\",\"potentialAction\":[{\"@type\":\"SearchAction\",\"target\":{\"@type\":\"EntryPoint\",\"urlTemplate\":\"https:\\\/\\\/www.krew.pro\\\/?s={search_term_string}\"},\"query-input\":{\"@type\":\"PropertyValueSpecification\",\"valueRequired\":true,\"valueName\":\"search_term_string\"}}],\"inLanguage\":\"en-US\"}]}<\/script>\n<!-- \/ Yoast SEO plugin. -->","yoast_head_json":{"title":"Sus datos seguros - K:REW - Knowledge: Research, Education\/Editing &amp; Writing","robots":{"index":"index","follow":"follow","max-snippet":"max-snippet:-1","max-image-preview":"max-image-preview:large","max-video-preview":"max-video-preview:-1"},"canonical":"https:\/\/www.krew.pro\/en\/sus-datos-seguros\/","og_locale":"en_US","og_type":"article","og_title":"Sus datos seguros - K:REW - Knowledge: Research, Education\/Editing &amp; Writing","og_description":"Informaci\u00f3n en cumplimiento de la normativa de protecci\u00f3n de datos personales En Europa y en Espa\u00f1a existen normas de protecci\u00f3n de datos pensadas para proteger su [\u2026]","og_url":"https:\/\/www.krew.pro\/en\/sus-datos-seguros\/","og_site_name":"K:REW - Knowledge: Research, Education\/Editing &amp; Writing","twitter_card":"summary_large_image","twitter_misc":{"Est. reading time":"6 minutes"},"schema":{"@context":"https:\/\/schema.org","@graph":[{"@type":"WebPage","@id":"https:\/\/www.krew.pro\/en\/sus-datos-seguros\/","url":"https:\/\/www.krew.pro\/en\/sus-datos-seguros\/","name":"Sus datos seguros - K:REW - Knowledge: Research, Education\/Editing &amp; Writing","isPartOf":{"@id":"https:\/\/www.krew.pro\/#website"},"datePublished":"2018-12-09T16:51:44+00:00","breadcrumb":{"@id":"https:\/\/www.krew.pro\/en\/sus-datos-seguros\/#breadcrumb"},"inLanguage":"en-US","potentialAction":[{"@type":"ReadAction","target":["https:\/\/www.krew.pro\/en\/sus-datos-seguros\/"]}]},{"@type":"BreadcrumbList","@id":"https:\/\/www.krew.pro\/en\/sus-datos-seguros\/#breadcrumb","itemListElement":[{"@type":"ListItem","position":1,"name":"Portada","item":"https:\/\/www.krew.pro\/en\/"},{"@type":"ListItem","position":2,"name":"Sus datos seguros"}]},{"@type":"WebSite","@id":"https:\/\/www.krew.pro\/#website","url":"https:\/\/www.krew.pro\/","name":"K:REW - Knowledge: Research, Education\/Editing &amp; Writing","description":"Knowledge: Research, Education\/Editing &amp; Writing","potentialAction":[{"@type":"SearchAction","target":{"@type":"EntryPoint","urlTemplate":"https:\/\/www.krew.pro\/?s={search_term_string}"},"query-input":{"@type":"PropertyValueSpecification","valueRequired":true,"valueName":"search_term_string"}}],"inLanguage":"en-US"}]}},"jetpack_sharing_enabled":true,"jetpack_shortlink":"https:\/\/wp.me\/PaI4ta-3i","jetpack-related-posts":[],"_links":{"self":[{"href":"https:\/\/www.krew.pro\/en\/wp-json\/wp\/v2\/pages\/204","targetHints":{"allow":["GET"]}}],"collection":[{"href":"https:\/\/www.krew.pro\/en\/wp-json\/wp\/v2\/pages"}],"about":[{"href":"https:\/\/www.krew.pro\/en\/wp-json\/wp\/v2\/types\/page"}],"author":[{"embeddable":true,"href":"https:\/\/www.krew.pro\/en\/wp-json\/wp\/v2\/users\/1"}],"replies":[{"embeddable":true,"href":"https:\/\/www.krew.pro\/en\/wp-json\/wp\/v2\/comments?post=204"}],"version-history":[{"count":0,"href":"https:\/\/www.krew.pro\/en\/wp-json\/wp\/v2\/pages\/204\/revisions"}],"wp:attachment":[{"href":"https:\/\/www.krew.pro\/en\/wp-json\/wp\/v2\/media?parent=204"}],"curies":[{"name":"wp","href":"https:\/\/api.w.org\/{rel}","templated":true}]}}